{"id":53,"date":"2024-02-06T16:56:17","date_gmt":"2024-02-06T15:56:17","guid":{"rendered":"https:\/\/www.saintdreyer.fr\/?page_id=53"},"modified":"2024-03-31T16:45:04","modified_gmt":"2024-03-31T14:45:04","slug":"saint-dreyer","status":"publish","type":"page","link":"https:\/\/www.saintdreyer.fr\/index.php\/saint-dreyer\/","title":{"rendered":"Saint Dreyer"},"content":{"rendered":"\n<p style=\"margin-top:0;margin-right:var(--wp--preset--spacing--20);margin-bottom:0;margin-left:var(--wp--preset--spacing--20);padding-top:var(--wp--preset--spacing--20);padding-right:var(--wp--preset--spacing--20);padding-bottom:var(--wp--preset--spacing--20);padding-left:var(--wp--preset--spacing--20)\">Le quartier de Saint Dreyer est situ\u00e9 dans la commune de Plouhinec, dans le Finist\u00e8re, en Bretagne. Il se trouve entre les villes d&rsquo;Audierne et Pont Croix. Plouhinec est une commune c\u00f4ti\u00e8re, bord\u00e9e par l&rsquo;oc\u00e9an Atlantique, et est r\u00e9put\u00e9e pour ses paysages naturels pr\u00e9serv\u00e9s, ses plages et ses sentiers de randonn\u00e9e. Le quartier de Saint Dreyer, quant \u00e0 lui, est un quartier r\u00e9sidentiel calme et verdoyant. Les habitants de Saint Dreyer b\u00e9n\u00e9ficient de la proximit\u00e9 de la mer, o\u00f9 ils peuvent profiter de diverses activit\u00e9s nautiques telles que la voile, la p\u00eache ou la baignade. La commune de Plouhinec offre \u00e9galement de nombreux \u00e9quipements et services, tels que des commerces, des \u00e9coles, des \u00e9quipements sportifs et des infrastructures culturelles. Les environs de Saint Dreyer offrent \u00e9galement de nombreuses opportunit\u00e9s de d\u00e9couvertes et de visites. La ville d&rsquo;Audierne, situ\u00e9e \u00e0 quelques kilom\u00e8tres, est connue pour son port de p\u00eache anim\u00e9, ses ruelles pittoresques et son march\u00e9 hebdomadaire. Pont Croix, une autre ville voisine, est c\u00e9l\u00e8bre pour son patrimoine historique, avec notamment son \u00e9glise gothique et ses maisons \u00e0 colombages. En r\u00e9sum\u00e9, le quartier de Saint Dreyer \u00e0 Plouhinec est un lieu paisible et agr\u00e9able o\u00f9 vivre, proche de la mer et de nombreux sites touristiques.<\/p>\n\n\n\n<figure class=\"wp-block-image size-large\"><img loading=\"lazy\" decoding=\"async\" width=\"1024\" height=\"771\" src=\"https:\/\/www.saintdreyer.fr\/wp-content\/uploads\/2024\/02\/PXL_20240105_161525581-EFFECTS-1024x771.jpg\" alt=\"\" class=\"wp-image-124\" srcset=\"https:\/\/www.saintdreyer.fr\/wp-content\/uploads\/2024\/02\/PXL_20240105_161525581-EFFECTS-1024x771.jpg 1024w, https:\/\/www.saintdreyer.fr\/wp-content\/uploads\/2024\/02\/PXL_20240105_161525581-EFFECTS-300x226.jpg 300w, https:\/\/www.saintdreyer.fr\/wp-content\/uploads\/2024\/02\/PXL_20240105_161525581-EFFECTS-768x578.jpg 768w, https:\/\/www.saintdreyer.fr\/wp-content\/uploads\/2024\/02\/PXL_20240105_161525581-EFFECTS-1536x1157.jpg 1536w, https:\/\/www.saintdreyer.fr\/wp-content\/uploads\/2024\/02\/PXL_20240105_161525581-EFFECTS-2048x1542.jpg 2048w\" sizes=\"auto, (max-width: 1024px) 100vw, 1024px\" \/><\/figure>\n","protected":false},"excerpt":{"rendered":"<p>Le quartier de Saint Dreyer est situ\u00e9 dans la commune de Plouhinec, dans le Finist\u00e8re, en Bretagne. Il se trouve entre les villes d&rsquo;Audierne et Pont Croix. Plouhinec est une commune c\u00f4ti\u00e8re, bord\u00e9e par l&rsquo;oc\u00e9an Atlantique, et est r\u00e9put\u00e9e pour ses paysages naturels pr\u00e9serv\u00e9s, ses plages et ses sentiers de randonn\u00e9e. Le quartier de Saint [&hellip;]<\/p>\n","protected":false},"author":1,"featured_media":0,"parent":0,"menu_order":0,"comment_status":"closed","ping_status":"closed","template":"","meta":{"footnotes":""},"class_list":["post-53","page","type-page","status-publish","hentry"],"_links":{"self":[{"href":"https:\/\/www.saintdreyer.fr\/index.php\/wp-json\/wp\/v2\/pages\/53","targetHints":{"allow":["GET"]}}],"collection":[{"href":"https:\/\/www.saintdreyer.fr\/index.php\/wp-json\/wp\/v2\/pages"}],"about":[{"href":"https:\/\/www.saintdreyer.fr\/index.php\/wp-json\/wp\/v2\/types\/page"}],"author":[{"embeddable":true,"href":"https:\/\/www.saintdreyer.fr\/index.php\/wp-json\/wp\/v2\/users\/1"}],"replies":[{"embeddable":true,"href":"https:\/\/www.saintdreyer.fr\/index.php\/wp-json\/wp\/v2\/comments?post=53"}],"version-history":[{"count":5,"href":"https:\/\/www.saintdreyer.fr\/index.php\/wp-json\/wp\/v2\/pages\/53\/revisions"}],"predecessor-version":[{"id":204,"href":"https:\/\/www.saintdreyer.fr\/index.php\/wp-json\/wp\/v2\/pages\/53\/revisions\/204"}],"wp:attachment":[{"href":"https:\/\/www.saintdreyer.fr\/index.php\/wp-json\/wp\/v2\/media?parent=53"}],"curies":[{"name":"wp","href":"https:\/\/api.w.org\/{rel}","templated":true}]}}