{"id":51,"date":"2024-02-06T16:52:41","date_gmt":"2024-02-06T15:52:41","guid":{"rendered":"https:\/\/www.saintdreyer.fr\/?page_id=51"},"modified":"2024-02-06T16:52:41","modified_gmt":"2024-02-06T15:52:41","slug":"locean","status":"publish","type":"page","link":"https:\/\/www.saintdreyer.fr\/index.php\/locean\/","title":{"rendered":"L&rsquo;Oc\u00e9an"},"content":{"rendered":"\n<p>La baie d&rsquo;Audierne est une magnifique \u00e9tendue d&rsquo;eau situ\u00e9e en Finist\u00e8re, en Bretagne, dans le nord-ouest de la France. Elle s&rsquo;ouvre sur l&rsquo;oc\u00e9an Atlantique et offre des paysages \u00e0 couper le souffle. La baie d&rsquo;Audierne est r\u00e9put\u00e9e pour \u00eatre un spot de surf de renomm\u00e9e internationale. En effet, ses nombreuses plages offrent des conditions id\u00e9ales pour la pratique de ce sport. Les vagues y sont puissantes et r\u00e9guli\u00e8res, ce qui attire de nombreux surfeurs passionn\u00e9s. Que vous soyez d\u00e9butant ou surfeur exp\u00e9riment\u00e9, la baie d&rsquo;Audierne saura vous offrir des moments de glisse inoubliables. Les \u00e9coles de surf pr\u00e9sentes sur place vous proposent des cours adapt\u00e9s \u00e0 votre niveau et vous fournissent tout le mat\u00e9riel n\u00e9cessaire. Mais la baie d&rsquo;Audierne ne se limite pas au surf. Elle est \u00e9galement un lieu privil\u00e9gi\u00e9 pour les amoureux de l&rsquo;oc\u00e9an. Vous pourrez y pratiquer d&rsquo;autres sports nautiques tels que la planche \u00e0 voile, le paddle ou encore le kayak de mer. Les paysages qui entourent la baie d&rsquo;Audierne sont \u00e9galement \u00e0 couper le souffle. Les dunes de sable, les falaises escarp\u00e9es et les petits ports de p\u00eache traditionnels font de cette r\u00e9gion un v\u00e9ritable paradis pour les amoureux de la nature. Enfin, la baie d&rsquo;Audierne offre \u00e9galement un cadre id\u00e9al pour la d\u00e9tente et la relaxation. Vous pourrez profiter des plages de sable fin pour vous allonger au soleil ou vous promener le long des sentiers c\u00f4tiers pour admirer la beaut\u00e9 sauvage de la c\u00f4te bretonne. En r\u00e9sum\u00e9, la baie d&rsquo;Audierne est un lieu incontournable pour les amateurs de surf et de l&rsquo;oc\u00e9an en Finist\u00e8re. Que vous soyez adepte de sensations fortes ou simplement en qu\u00eate de tranquillit\u00e9, vous y trouverez votre bonheur.<\/p>\n","protected":false},"excerpt":{"rendered":"<p>La baie d&rsquo;Audierne est une magnifique \u00e9tendue d&rsquo;eau situ\u00e9e en Finist\u00e8re, en Bretagne, dans le nord-ouest de la France. Elle s&rsquo;ouvre sur l&rsquo;oc\u00e9an Atlantique et offre des paysages \u00e0 couper le souffle. La baie d&rsquo;Audierne est r\u00e9put\u00e9e pour \u00eatre un spot de surf de renomm\u00e9e internationale. En effet, ses nombreuses plages offrent des conditions id\u00e9ales [&hellip;]<\/p>\n","protected":false},"author":1,"featured_media":0,"parent":0,"menu_order":0,"comment_status":"closed","ping_status":"closed","template":"","meta":{"footnotes":""},"class_list":["post-51","page","type-page","status-publish","hentry"],"_links":{"self":[{"href":"https:\/\/www.saintdreyer.fr\/index.php\/wp-json\/wp\/v2\/pages\/51","targetHints":{"allow":["GET"]}}],"collection":[{"href":"https:\/\/www.saintdreyer.fr\/index.php\/wp-json\/wp\/v2\/pages"}],"about":[{"href":"https:\/\/www.saintdreyer.fr\/index.php\/wp-json\/wp\/v2\/types\/page"}],"author":[{"embeddable":true,"href":"https:\/\/www.saintdreyer.fr\/index.php\/wp-json\/wp\/v2\/users\/1"}],"replies":[{"embeddable":true,"href":"https:\/\/www.saintdreyer.fr\/index.php\/wp-json\/wp\/v2\/comments?post=51"}],"version-history":[{"count":1,"href":"https:\/\/www.saintdreyer.fr\/index.php\/wp-json\/wp\/v2\/pages\/51\/revisions"}],"predecessor-version":[{"id":52,"href":"https:\/\/www.saintdreyer.fr\/index.php\/wp-json\/wp\/v2\/pages\/51\/revisions\/52"}],"wp:attachment":[{"href":"https:\/\/www.saintdreyer.fr\/index.php\/wp-json\/wp\/v2\/media?parent=51"}],"curies":[{"name":"wp","href":"https:\/\/api.w.org\/{rel}","templated":true}]}}